{"id":46,"date":"2016-03-03T22:09:04","date_gmt":"2016-03-03T22:09:04","guid":{"rendered":"http:\/\/icaad.ngo\/store\/?post_type=product&#038;p=46"},"modified":"2016-12-08T00:00:21","modified_gmt":"2016-12-08T00:00:21","slug":"liberte-egalite-fraternite","status":"publish","type":"product","link":"https:\/\/shop.icaad.ngo\/index.php\/product\/liberte-egalite-fraternite\/","title":{"rendered":"Libert\u00e9, \u00e9galit\u00e9, fraternit\u00e9"},"content":{"rendered":"<p><strong>Libert\u00e9, \u00e9galit\u00e9, fraternit\u00e9<\/strong><\/p>\n<p>\u201cThis piece depicts two Sikh women wearing traditional articles of faith: the dastaar (turban) and chuni (scarf) with their mouths gagged. The gags represent the oppressive 2004 French legislation that banned religious articles of faith to be worn in public. \u2018Libert\u00e9, \u00e9galit\u00e9, fraternit\u00e9\u2019 is French for \u2018Liberty, equality, fraternity (brotherhood),\u2019 and is the national motto of France. It is shown here to illustrate the irony of such a slogan in light of an unjust law that limits the development of a free and equal society.\u201d<\/p>\n<p><strong>Artist<\/strong>: Lakhpreet Kaur<\/p>\n<p><strong>Medium<\/strong>: Pen and digital painting, Canvas Print<\/p>\n<p><strong>Size<\/strong>: 20&#215;25<\/p>\n<!-- AddThis Advanced Settings generic via filter on the_content --><!-- AddThis Share Buttons generic via filter on the_content -->","protected":false},"excerpt":{"rendered":"<p>Libert\u00e9, \u00e9galit\u00e9, fraternit\u00e9 \u201cThis piece depicts two Sikh women wearing traditional articles of faith: the dastaar (turban) and chuni (scarf) with their mouths gagged. The gags represent the oppressive 2004 French legislation that banned religious articles of faith to be worn in public. \u2018Libert\u00e9, \u00e9galit\u00e9, fraternit\u00e9\u2019 is French for \u2018Liberty, equality, fraternity (brotherhood),\u2019 and is [&hellip;]<!-- AddThis Advanced Settings generic via filter on get_the_excerpt --><!-- AddThis Share Buttons generic via filter on get_the_excerpt --><\/p>\n","protected":false},"featured_media":26,"template":"","meta":[],"product_cat":[9,11],"product_tag":[],"class_list":["post-46","product","type-product","status-publish","has-post-thumbnail","hentry","product_cat-art","product_cat-canvas"],"_links":{"self":[{"href":"https:\/\/shop.icaad.ngo\/index.php\/wp-json\/wp\/v2\/product\/46","targetHints":{"allow":["GET"]}}],"collection":[{"href":"https:\/\/shop.icaad.ngo\/index.php\/wp-json\/wp\/v2\/product"}],"about":[{"href":"https:\/\/shop.icaad.ngo\/index.php\/wp-json\/wp\/v2\/types\/product"}],"wp:featuredmedia":[{"embeddable":true,"href":"https:\/\/shop.icaad.ngo\/index.php\/wp-json\/wp\/v2\/media\/26"}],"wp:attachment":[{"href":"https:\/\/shop.icaad.ngo\/index.php\/wp-json\/wp\/v2\/media?parent=46"}],"wp:term":[{"taxonomy":"product_cat","embeddable":true,"href":"https:\/\/shop.icaad.ngo\/index.php\/wp-json\/wp\/v2\/product_cat?post=46"},{"taxonomy":"product_tag","embeddable":true,"href":"https:\/\/shop.icaad.ngo\/index.php\/wp-json\/wp\/v2\/product_tag?post=46"}],"curies":[{"name":"wp","href":"https:\/\/api.w.org\/{rel}","templated":true}]}}